{"id":1472,"date":"2025-02-27T20:39:10","date_gmt":"2025-02-27T20:39:10","guid":{"rendered":"https:\/\/diplomados-posgrado.edu.pe\/compras\/?post_type=product&#038;p=1472"},"modified":"2025-02-27T21:03:33","modified_gmt":"2025-02-27T21:03:33","slug":"diploma-de-especializacion-en-importaciones-y-exportaciones","status":"publish","type":"product","link":"https:\/\/diplomados-posgrado.edu.pe\/compras\/producto\/diploma-de-especializacion-en-importaciones-y-exportaciones\/","title":{"rendered":"Diploma de Especializaci\u00f3n en Importaciones y Exportaciones"},"content":{"rendered":"<div class=\"text-justify\"><strong>Con el Diploma de Especializaci\u00f3n en Importaciones y Exportaciones<\/strong> aprender\u00e1s a gestionar la importaci\u00f3n y la exportaci\u00f3n de bienes y recursos, combinando teor\u00eda y pr\u00e1ctica para obtener una experiencia educativa integral, adaptada a las necesidades de un mercado global en constante evoluci\u00f3n.<\/div>\n<div class=\"text-justify\">\n<p>Este Programa de Especializaci\u00f3n es <strong>organizado por Development Group Consulting S.A.C. con el respaldo de la Escuela Central de Posgrado de la Universidad Nacional de Ingenier\u00eda.<\/strong><\/p>\n<\/div>\n","protected":false},"excerpt":{"rendered":"<p>El presente Diploma de Especializaci\u00f3n te capacita previendo las oportunidades de negocio, identificando documentos y gestionando exitosamente tus procesos. Comprender\u00e1s las \u00e1reas relacionadas <strong>con log\u00edstica, aduanas, comercio exterior y los negocios internacionales.<\/strong><\/p>\n","protected":false},"featured_media":1473,"template":"","meta":[],"product_brand":[],"product_cat":[15],"product_tag":[],"class_list":{"0":"post-1472","1":"product","2":"type-product","3":"status-publish","4":"has-post-thumbnail","6":"product_cat-diploma-de-especializacion","8":"first","9":"instock","10":"shipping-taxable","11":"purchasable","12":"product-type-simple"},"_links":{"self":[{"href":"https:\/\/diplomados-posgrado.edu.pe\/compras\/wp-json\/wp\/v2\/product\/1472","targetHints":{"allow":["GET"]}}],"collection":[{"href":"https:\/\/diplomados-posgrado.edu.pe\/compras\/wp-json\/wp\/v2\/product"}],"about":[{"href":"https:\/\/diplomados-posgrado.edu.pe\/compras\/wp-json\/wp\/v2\/types\/product"}],"wp:featuredmedia":[{"embeddable":true,"href":"https:\/\/diplomados-posgrado.edu.pe\/compras\/wp-json\/wp\/v2\/media\/1473"}],"wp:attachment":[{"href":"https:\/\/diplomados-posgrado.edu.pe\/compras\/wp-json\/wp\/v2\/media?parent=1472"}],"wp:term":[{"taxonomy":"product_brand","embeddable":true,"href":"https:\/\/diplomados-posgrado.edu.pe\/compras\/wp-json\/wp\/v2\/product_brand?post=1472"},{"taxonomy":"product_cat","embeddable":true,"href":"https:\/\/diplomados-posgrado.edu.pe\/compras\/wp-json\/wp\/v2\/product_cat?post=1472"},{"taxonomy":"product_tag","embeddable":true,"href":"https:\/\/diplomados-posgrado.edu.pe\/compras\/wp-json\/wp\/v2\/product_tag?post=1472"}],"curies":[{"name":"wp","href":"https:\/\/api.w.org\/{rel}","templated":true}]}}