{"id":1834,"date":"2025-11-25T19:19:01","date_gmt":"2025-11-25T19:19:01","guid":{"rendered":"https:\/\/diplomados-posgrado.edu.pe\/compras\/?post_type=product&#038;p=1834"},"modified":"2025-11-25T19:38:43","modified_gmt":"2025-11-25T19:38:43","slug":"otros-diplomas-de-especializacion","status":"publish","type":"product","link":"https:\/\/diplomados-posgrado.edu.pe\/compras\/producto\/otros-diplomas-de-especializacion\/","title":{"rendered":"Otros Diplomas de Especializaci\u00f3n"},"content":{"rendered":"<div>\n<p style=\"text-align: justify;\"><strong>Los Nuevos Diplomas de Especializaci\u00f3n<\/strong> te capacitan para desarrollarte en un mercado de constantes cambios, adquiriendo cada vez m\u00e1s poder de adaptaci\u00f3n.<\/p>\n<\/div>\n","protected":false},"excerpt":{"rendered":"<p>Los Nuevos Diplomas de Especializaci\u00f3n te capacitan para desarrollarte en un mercado de constantes cambios, adquiriendo cada vez m\u00e1s poder de adaptaci\u00f3n.<\/p>\n","protected":false},"featured_media":1832,"template":"","meta":[],"product_brand":[],"product_cat":[15],"product_tag":[],"class_list":{"0":"post-1834","1":"product","2":"type-product","3":"status-publish","4":"has-post-thumbnail","6":"product_cat-diploma-de-especializacion","8":"first","9":"instock","10":"shipping-taxable","11":"purchasable","12":"product-type-simple"},"_links":{"self":[{"href":"https:\/\/diplomados-posgrado.edu.pe\/compras\/wp-json\/wp\/v2\/product\/1834","targetHints":{"allow":["GET"]}}],"collection":[{"href":"https:\/\/diplomados-posgrado.edu.pe\/compras\/wp-json\/wp\/v2\/product"}],"about":[{"href":"https:\/\/diplomados-posgrado.edu.pe\/compras\/wp-json\/wp\/v2\/types\/product"}],"wp:featuredmedia":[{"embeddable":true,"href":"https:\/\/diplomados-posgrado.edu.pe\/compras\/wp-json\/wp\/v2\/media\/1832"}],"wp:attachment":[{"href":"https:\/\/diplomados-posgrado.edu.pe\/compras\/wp-json\/wp\/v2\/media?parent=1834"}],"wp:term":[{"taxonomy":"product_brand","embeddable":true,"href":"https:\/\/diplomados-posgrado.edu.pe\/compras\/wp-json\/wp\/v2\/product_brand?post=1834"},{"taxonomy":"product_cat","embeddable":true,"href":"https:\/\/diplomados-posgrado.edu.pe\/compras\/wp-json\/wp\/v2\/product_cat?post=1834"},{"taxonomy":"product_tag","embeddable":true,"href":"https:\/\/diplomados-posgrado.edu.pe\/compras\/wp-json\/wp\/v2\/product_tag?post=1834"}],"curies":[{"name":"wp","href":"https:\/\/api.w.org\/{rel}","templated":true}]}}