{"id":2084,"date":"2026-04-21T03:20:42","date_gmt":"2026-04-21T03:20:42","guid":{"rendered":"https:\/\/diplomados-posgrado.edu.pe\/compras\/?post_type=product&#038;p=2084"},"modified":"2026-04-21T03:32:21","modified_gmt":"2026-04-21T03:32:21","slug":"diploma-de-especializacion-business-analytics-and-intelligence","status":"publish","type":"product","link":"https:\/\/diplomados-posgrado.edu.pe\/compras\/producto\/diploma-de-especializacion-business-analytics-and-intelligence\/","title":{"rendered":"Diploma de Especializaci\u00f3n Business Analytics and Intelligence"},"content":{"rendered":"<div>\n<p class=\"text-justify\"><strong>El Diploma de Especializaci\u00f3n en Business Analytics and Intelligence <\/strong>te ofrece una comprensi\u00f3n integral para transformar datos en informaci\u00f3n valiosa para las organizaciones y emprendimientos. Podr\u00e1s realizar an\u00e1lisis complejos como las t\u00e9cnicas de Machine Learning y Big Data.<\/p>\n<p>Este Diploma de Especializaci\u00f3n es <strong>organizado por Development Group Consulting S.A.C. con el respaldo de la Escuela Central de Posgrado de la Universidad Nacional de Ingenier\u00eda.<\/strong><\/p>\n<\/div>\n","protected":false},"excerpt":{"rendered":"<div>\n<p>El presente Diploma de Especializaci\u00f3n te capacitar\u00e1 en la inteligencia de negocios y en las tecnolog\u00edas emergentes para la toma de decisiones basadas en datos.<\/p>\n<\/div>\n","protected":false},"featured_media":1274,"template":"","meta":[],"product_brand":[],"product_cat":[15],"product_tag":[],"class_list":{"0":"post-2084","1":"product","2":"type-product","3":"status-publish","4":"has-post-thumbnail","6":"product_cat-diploma-de-especializacion","8":"first","9":"instock","10":"shipping-taxable","11":"purchasable","12":"product-type-simple"},"_links":{"self":[{"href":"https:\/\/diplomados-posgrado.edu.pe\/compras\/wp-json\/wp\/v2\/product\/2084","targetHints":{"allow":["GET"]}}],"collection":[{"href":"https:\/\/diplomados-posgrado.edu.pe\/compras\/wp-json\/wp\/v2\/product"}],"about":[{"href":"https:\/\/diplomados-posgrado.edu.pe\/compras\/wp-json\/wp\/v2\/types\/product"}],"wp:featuredmedia":[{"embeddable":true,"href":"https:\/\/diplomados-posgrado.edu.pe\/compras\/wp-json\/wp\/v2\/media\/1274"}],"wp:attachment":[{"href":"https:\/\/diplomados-posgrado.edu.pe\/compras\/wp-json\/wp\/v2\/media?parent=2084"}],"wp:term":[{"taxonomy":"product_brand","embeddable":true,"href":"https:\/\/diplomados-posgrado.edu.pe\/compras\/wp-json\/wp\/v2\/product_brand?post=2084"},{"taxonomy":"product_cat","embeddable":true,"href":"https:\/\/diplomados-posgrado.edu.pe\/compras\/wp-json\/wp\/v2\/product_cat?post=2084"},{"taxonomy":"product_tag","embeddable":true,"href":"https:\/\/diplomados-posgrado.edu.pe\/compras\/wp-json\/wp\/v2\/product_tag?post=2084"}],"curies":[{"name":"wp","href":"https:\/\/api.w.org\/{rel}","templated":true}]}}