{"id":850,"date":"2024-08-17T01:03:53","date_gmt":"2024-08-17T01:03:53","guid":{"rendered":"https:\/\/diplomados-posgrado.edu.pe\/compras\/?post_type=product&#038;p=850"},"modified":"2025-01-03T01:49:08","modified_gmt":"2025-01-03T01:49:08","slug":"diploma-de-especializacion-en-ingenieria-de-costos","status":"publish","type":"product","link":"https:\/\/diplomados-posgrado.edu.pe\/compras\/producto\/diploma-de-especializacion-en-ingenieria-de-costos\/","title":{"rendered":"Diploma de Especializaci\u00f3n en Ingenier\u00eda de Costos"},"content":{"rendered":"<div class=\"text-justify\"><strong>El Diploma de Especializaci\u00f3n en Ingenier\u00eda de Costos<\/strong> te brinda las herramientas clave para gestionar los costos de manera sostenible, lo que implica no solo la reducci\u00f3n de gastos, sino tambi\u00e9n la reasignaci\u00f3n de costos a actividades que realmente generan valor.<\/div>\n<div class=\"text-justify\">\n<p>Conocer\u00e1s el valor econ\u00f3mico en la toma de decisiones, y comprender\u00e1s c\u00f3mo los procesos y costosimpactan en la empresa<br \/>\nEste Programa de Especializaci\u00f3n es <strong>organizado por Development Group Consulting S.A.C. con el respaldo de la Escuela Central de Posgrado de la Universidad Nacional de Ingenier\u00eda.<\/strong><\/p>\n<\/div>\n","protected":false},"excerpt":{"rendered":"<p>Al terminar tendr\u00e1s claro los Costos Comerciales, los Costos Industriales, los Costos de Servicios, los Costos de importaci\u00f3n.\u00a0 Adem\u00e1s c\u00f3mo se asignan los gatos en una f\u00e1brica o planta industrial. Ahora es el momento.<\/p>\n","protected":false},"featured_media":1278,"template":"","meta":[],"product_brand":[],"product_cat":[15],"product_tag":[],"class_list":{"0":"post-850","1":"product","2":"type-product","3":"status-publish","4":"has-post-thumbnail","6":"product_cat-diploma-de-especializacion","8":"first","9":"instock","10":"shipping-taxable","11":"purchasable","12":"product-type-simple"},"_links":{"self":[{"href":"https:\/\/diplomados-posgrado.edu.pe\/compras\/wp-json\/wp\/v2\/product\/850","targetHints":{"allow":["GET"]}}],"collection":[{"href":"https:\/\/diplomados-posgrado.edu.pe\/compras\/wp-json\/wp\/v2\/product"}],"about":[{"href":"https:\/\/diplomados-posgrado.edu.pe\/compras\/wp-json\/wp\/v2\/types\/product"}],"wp:featuredmedia":[{"embeddable":true,"href":"https:\/\/diplomados-posgrado.edu.pe\/compras\/wp-json\/wp\/v2\/media\/1278"}],"wp:attachment":[{"href":"https:\/\/diplomados-posgrado.edu.pe\/compras\/wp-json\/wp\/v2\/media?parent=850"}],"wp:term":[{"taxonomy":"product_brand","embeddable":true,"href":"https:\/\/diplomados-posgrado.edu.pe\/compras\/wp-json\/wp\/v2\/product_brand?post=850"},{"taxonomy":"product_cat","embeddable":true,"href":"https:\/\/diplomados-posgrado.edu.pe\/compras\/wp-json\/wp\/v2\/product_cat?post=850"},{"taxonomy":"product_tag","embeddable":true,"href":"https:\/\/diplomados-posgrado.edu.pe\/compras\/wp-json\/wp\/v2\/product_tag?post=850"}],"curies":[{"name":"wp","href":"https:\/\/api.w.org\/{rel}","templated":true}]}}